{"id":41,"date":"2015-08-24T18:08:01","date_gmt":"2015-08-24T18:08:01","guid":{"rendered":"http:\/\/fastrackparents.com\/devsite\/romania\/?page_id=41"},"modified":"2016-02-01T17:06:19","modified_gmt":"2016-02-01T17:06:19","slug":"programs","status":"publish","type":"page","link":"https:\/\/fastrackparents.com\/romania\/programs\/","title":{"rendered":"Programs"},"content":{"rendered":"<p>[et_pb_section fullwidth=&#8221;on&#8221; specialty=&#8221;off&#8221;][et_pb_fullwidth_image admin_label=&#8221;Fullwidth Image&#8221; src=&#8221;http:\/\/fastrackparents.com\/devsite\/wp-content\/uploads\/sites\/9\/2015\/08\/FasTracKidsPrograms.jpg&#8221; show_in_lightbox=&#8221;off&#8221; url_new_window=&#8221;off&#8221; animation=&#8221;off&#8221; use_border_color=&#8221;off&#8221; border_color=&#8221;#ffffff&#8221; border_style=&#8221;solid&#8221;]<\/p>\n<p><\/p>\n<p>[\/et_pb_fullwidth_image][\/et_pb_section][et_pb_section][et_pb_row][et_pb_column type=&#8221;1_3&#8243;][et_pb_sidebar admin_label=&#8221;Sidebar&#8221; orientation=&#8221;left&#8221; area=&#8221;et_pb_widget_area_3&#8243; background_layout=&#8221;light&#8221; remove_border=&#8221;off&#8221;]<\/p>\n<p><\/p>\n<p>[\/et_pb_sidebar][\/et_pb_column][et_pb_column type=&#8221;2_3&#8243;][et_pb_text admin_label=&#8221;Title&#8221; background_layout=&#8221;light&#8221; text_orientation=&#8221;left&#8221; use_border_color=&#8221;off&#8221; border_color=&#8221;#ffffff&#8221; border_style=&#8221;solid&#8221;]<\/p>\n<h1 class=\"pagetitle\" style=\"text-align: center;\">FasTracKids Programe<\/h1>\n<p><img loading=\"lazy\" class=\"alignnone size-full wp-image-2767\" src=\"http:\/\/fastrackparents.com\/devsite\/wp-content\/uploads\/sites\/9\/2016\/01\/rule_yellow.png\" alt=\"rule_yellow\" width=\"1098\" height=\"7\" srcset=\"https:\/\/fastrackparents.com\/romania\/wp-content\/uploads\/sites\/9\/2016\/01\/rule_yellow.png 1098w, https:\/\/fastrackparents.com\/romania\/wp-content\/uploads\/sites\/9\/2016\/01\/rule_yellow-300x2.png 300w, https:\/\/fastrackparents.com\/romania\/wp-content\/uploads\/sites\/9\/2016\/01\/rule_yellow-1024x7.png 1024w, https:\/\/fastrackparents.com\/romania\/wp-content\/uploads\/sites\/9\/2016\/01\/rule_yellow-1080x7.png 1080w, https:\/\/fastrackparents.com\/romania\/wp-content\/uploads\/sites\/9\/2016\/01\/rule_yellow-24x1.png 24w, https:\/\/fastrackparents.com\/romania\/wp-content\/uploads\/sites\/9\/2016\/01\/rule_yellow-36x1.png 36w, https:\/\/fastrackparents.com\/romania\/wp-content\/uploads\/sites\/9\/2016\/01\/rule_yellow-48x1.png 48w\" sizes=\"(max-width: 1098px) 100vw, 1098px\" \/><\/p>\n<p>[\/et_pb_text][et_pb_text admin_label=&#8221;Text&#8221; background_layout=&#8221;light&#8221; text_orientation=&#8221;left&#8221; use_border_color=&#8221;off&#8221; border_color=&#8221;#ffffff&#8221; border_style=&#8221;solid&#8221;]<\/p>\n<h3 style=\"text-align: center;\"><span style=\"color: #000080;\">Noi credem c\u0103 fiecare copil se na\u015fte cu un poten\u0163ial de succes. Programele FasTracKids\u00ae dezvolt\u0103 abilit\u0103\u0163ile copilului dumneavoastr\u0103 de \u00eenv\u0103\u0163are continu\u0103, un lucru esen\u0163ial pentru un viitor str\u0103lucit!<\/span><\/h3>\n<p>Exper\u0163ii spun c\u0103 abilitatea de a \u00eenv\u0103\u0163a este crucial\u0103 \u00een secolul 21. Metodologia FasTracKids dezvolt\u0103 aceast\u0103 abilitate atr\u0103g\u00e2nd copilul \u00eentr-un mediu centrat asupra lui. Programele noastre \u00eei \u00eenc\u00e2nt\u0103 pe elevi prin dezvoltarea <a title=\"Avantajelor FasTrack\" href=\"http:\/\/fastrackids.ro\/metodologie\/avantajele-fastrack\/\">Avantajelor FasTrack<\/a>: g\u00e2ndirea critic\u0103, creativitatea, colaborarea, comunicarea \u015fi \u00eencrederea. Noi \u00eei \u00eenv\u0103\u0163\u0103m pe copii cum s\u0103 \u00een\u0163eleag\u0103, nu s\u0103 memoreze, \u00eenv\u0103\u0163\u00e2ndu-i \u00een acela\u015fi timp CUM s\u0103 g\u00e2ndeasc\u0103, nu CE s\u0103 g\u00e2ndeasc\u0103.<\/p>\n<p>Fiecare <a title=\"Evaluarea Poten\u0163ialului de \u00cenv\u0103\u0163are FasTrack\" href=\"http:\/\/fastrackids.ro\/evaluarea-potentialului-de-invatare-fastrack\/\">copil \u00eenva\u0163\u0103 \u00een mod diferit \u015fi copilul<\/a> dumneavoastr\u0103 are preferin\u0163e unice \u00een felul \u00een care \u00een\u0163elege lumea din jur. <a title=\"Metodologie FasTracKids\" href=\"http:\/\/fastrackids.ro\/metodologie\/\">Metodologia<\/a> noastr\u0103 \u00eei ofer\u0103 copilului dumneavoastr\u0103 oportunitatea de a se afla \u00eentr-un mediu educa\u0163ional dinamic \u015fi activ \u00een care se poate dezvolta cu succes. Noi \u00eembin\u0103m cele mai bune metode educa\u0163ionale de la Socrate la Montessori, cu propria noastr\u0103 metod\u0103 numit\u0103 <a title=\"Sta\u0163ia de \u00cenv\u0103\u0163are FasTrack\" href=\"http:\/\/fastrackids.ro\/metodologie\/statia-de-invatare-fastrack\/\">Zig-Zagul Educa\u0163ional<\/a>. Profesorii no\u015ftri v\u0103 vor ghida copilul printr-o combina\u0163ie de curriculum multimedia, proiecte practice \u015fi discu\u0163ii active \u00een clas\u0103.<\/p>\n<p><img loading=\"lazy\" class=\"alignright size-full wp-image-2771\" src=\"http:\/\/fastrackparents.com\/devsite\/wp-content\/uploads\/sites\/9\/2015\/08\/spencer.png\" alt=\"spencer\" width=\"267\" height=\"401\" srcset=\"https:\/\/fastrackparents.com\/romania\/wp-content\/uploads\/sites\/9\/2015\/08\/spencer.png 267w, https:\/\/fastrackparents.com\/romania\/wp-content\/uploads\/sites\/9\/2015\/08\/spencer-200x300.png 200w, https:\/\/fastrackparents.com\/romania\/wp-content\/uploads\/sites\/9\/2015\/08\/spencer-16x24.png 16w, https:\/\/fastrackparents.com\/romania\/wp-content\/uploads\/sites\/9\/2015\/08\/spencer-24x36.png 24w, https:\/\/fastrackparents.com\/romania\/wp-content\/uploads\/sites\/9\/2015\/08\/spencer-32x48.png 32w\" sizes=\"(max-width: 267px) 100vw, 267px\" \/>Noi oferim aceste programe \u00eentr-o perioad\u0103 critic\u0103 \u00een dezvoltarea copilului dumneavoastr\u0103. \u00centre 0 \u015fi 8 ani copilul se dezvolt\u0103 cognitiv, social \u015fi emo\u0163ional. Programele noastre pentru copil\u0103ria timpurie urm\u0103resc dezvoltarea natural\u0103 a copilului \u015fi \u00eei m\u0103resc capacitatea de \u00eenv\u0103\u0163are. Cel mai important ingredient al programelor FasTracKids este faptul c\u0103 acestea sunt distractive \u015fi au un anumit scop, acela de a crea un copil implicat \u015fi un elev de succes.<\/p>\n<p>Cea mai bun\u0103 investi\u0163ie pe care o pute\u0163i face este \u00een educa\u0163ia copilului dumneavoastr\u0103. Noi ne dorim s\u0103 v\u0103 ajut\u0103m copilul s\u0103 descopere pasiunea pentru \u00eenv\u0103\u0163area continu\u0103 \u015fi s\u0103 cre\u0103m o experien\u0163\u0103 pe care nu o va uita niciodat\u0103!<\/p>\n<p><span id=\"result_box\" class=\"short_text\" lang=\"ro\"><span class=\"hps\">Pentru mai multe<\/span> <span class=\"hps\">informa\u021bii<\/span><\/span>\u00a0 <a href=\"http:\/\/www.fastrackids.com\/fastrackids-programs\/\" target=\"_blank\">FasTracKids.ro<\/a><\/p>\n<p>[\/et_pb_text][et_pb_text admin_label=&#8221;Locations&#8221; background_layout=&#8221;light&#8221; text_orientation=&#8221;left&#8221; use_border_color=&#8221;off&#8221; border_color=&#8221;#ffffff&#8221; border_style=&#8221;solid&#8221;]<\/p>\n<h3 style=\"text-align: center;\">G\u0102SI\u0162I O LOCA\u0162IE:<\/h3>\n<h3 style=\"text-align: center;\"><a href=\"http:\/\/fastrackparents.com\/devsite\/romania\/find-a-locations\/\"><img loading=\"lazy\" class=\"aligncenter size-thumbnail wp-image-713\" src=\"http:\/\/fastrackparents.com\/devsite\/wp-content\/uploads\/sites\/9\/2015\/08\/findalocation-150x136.png\" alt=\"findalocation\" width=\"150\" height=\"136\" srcset=\"https:\/\/fastrackparents.com\/romania\/wp-content\/uploads\/sites\/9\/2015\/08\/findalocation.png 150w, https:\/\/fastrackparents.com\/romania\/wp-content\/uploads\/sites\/9\/2015\/08\/findalocation-24x22.png 24w, https:\/\/fastrackparents.com\/romania\/wp-content\/uploads\/sites\/9\/2015\/08\/findalocation-36x33.png 36w, https:\/\/fastrackparents.com\/romania\/wp-content\/uploads\/sites\/9\/2015\/08\/findalocation-48x44.png 48w\" sizes=\"(max-width: 150px) 100vw, 150px\" \/><\/a><\/h3>\n<p>[\/et_pb_text][\/et_pb_column][\/et_pb_row][\/et_pb_section]<\/p>\n","protected":false},"excerpt":{"rendered":"<p>[et_pb_section fullwidth=&#8221;on&#8221; specialty=&#8221;off&#8221;][et_pb_fullwidth_image admin_label=&#8221;Fullwidth Image&#8221; src=&#8221;http:\/\/fastrackparents.com\/devsite\/wp-content\/uploads\/sites\/9\/2015\/08\/FasTracKidsPrograms.jpg&#8221; show_in_lightbox=&#8221;off&#8221; url_new_window=&#8221;off&#8221; animation=&#8221;off&#8221; use_border_color=&#8221;off&#8221; border_color=&#8221;#ffffff&#8221; border_style=&#8221;solid&#8221;] [\/et_pb_fullwidth_image][\/et_pb_section][et_pb_section][et_pb_row][et_pb_column type=&#8221;1_3&#8243;][et_pb_sidebar admin_label=&#8221;Sidebar&#8221; orientation=&#8221;left&#8221; area=&#8221;et_pb_widget_area_3&#8243; background_layout=&#8221;light&#8221; remove_border=&#8221;off&#8221;] [\/et_pb_sidebar][\/et_pb_column][et_pb_column type=&#8221;2_3&#8243;][et_pb_text admin_label=&#8221;Title&#8221; background_layout=&#8221;light&#8221; text_orientation=&#8221;left&#8221; use_border_color=&#8221;off&#8221; border_color=&#8221;#ffffff&#8221; border_style=&#8221;solid&#8221;] FasTracKids Programe [\/et_pb_text][et_pb_text admin_label=&#8221;Text&#8221; background_layout=&#8221;light&#8221; text_orientation=&#8221;left&#8221; use_border_color=&#8221;off&#8221; border_color=&#8221;#ffffff&#8221; border_style=&#8221;solid&#8221;] Noi credem c\u0103 fiecare copil se na\u015fte cu un poten\u0163ial de succes. Programele FasTracKids\u00ae dezvolt\u0103 abilit\u0103\u0163ile copilului dumneavoastr\u0103 de [&hellip;]<\/p>\n","protected":false},"author":1,"featured_media":0,"parent":0,"menu_order":0,"comment_status":"closed","ping_status":"closed","template":"","meta":[],"_links":{"self":[{"href":"https:\/\/fastrackparents.com\/romania\/wp-json\/wp\/v2\/pages\/41"}],"collection":[{"href":"https:\/\/fastrackparents.com\/romania\/wp-json\/wp\/v2\/pages"}],"about":[{"href":"https:\/\/fastrackparents.com\/romania\/wp-json\/wp\/v2\/types\/page"}],"author":[{"embeddable":true,"href":"https:\/\/fastrackparents.com\/romania\/wp-json\/wp\/v2\/users\/1"}],"replies":[{"embeddable":true,"href":"https:\/\/fastrackparents.com\/romania\/wp-json\/wp\/v2\/comments?post=41"}],"version-history":[{"count":16,"href":"https:\/\/fastrackparents.com\/romania\/wp-json\/wp\/v2\/pages\/41\/revisions"}],"predecessor-version":[{"id":3274,"href":"https:\/\/fastrackparents.com\/romania\/wp-json\/wp\/v2\/pages\/41\/revisions\/3274"}],"wp:attachment":[{"href":"https:\/\/fastrackparents.com\/romania\/wp-json\/wp\/v2\/media?parent=41"}],"curies":[{"name":"wp","href":"https:\/\/api.w.org\/{rel}","templated":true}]}}