{"id":43,"date":"2015-08-24T18:08:15","date_gmt":"2015-08-24T18:08:15","guid":{"rendered":"http:\/\/fastrackparents.com\/devsite\/romania\/?page_id=43"},"modified":"2016-02-01T17:11:45","modified_gmt":"2016-02-01T17:11:45","slug":"methodology","status":"publish","type":"page","link":"http:\/\/fastrackparents.com\/romania\/methodology\/","title":{"rendered":"Methodology"},"content":{"rendered":"<p>[et_pb_section fullwidth=&#8221;on&#8221; specialty=&#8221;off&#8221;][et_pb_fullwidth_image admin_label=&#8221;Fullwidth Image&#8221; src=&#8221;http:\/\/fastrackparents.com\/devsite\/wp-content\/uploads\/sites\/9\/2015\/08\/parents_area.jpg&#8221; show_in_lightbox=&#8221;off&#8221; url_new_window=&#8221;off&#8221; animation=&#8221;off&#8221; use_border_color=&#8221;off&#8221; border_color=&#8221;#ffffff&#8221; border_style=&#8221;solid&#8221;]<\/p>\n<p>\u00a0<\/p>\n<p>[\/et_pb_fullwidth_image][\/et_pb_section][et_pb_section][et_pb_row][et_pb_column type=&#8221;1_3&#8243;][et_pb_sidebar admin_label=&#8221;Sidebar&#8221; orientation=&#8221;left&#8221; area=&#8221;et_pb_widget_area_3&#8243; background_layout=&#8221;light&#8221; remove_border=&#8221;off&#8221;]<\/p>\n<p>\u00a0<\/p>\n<p>[\/et_pb_sidebar][\/et_pb_column][et_pb_column type=&#8221;2_3&#8243;][et_pb_text admin_label=&#8221;Text&#8221; background_layout=&#8221;light&#8221; text_orientation=&#8221;left&#8221; use_border_color=&#8221;off&#8221; border_color=&#8221;#ffffff&#8221; border_style=&#8221;solid&#8221;]<\/p>\n<h1 style=\"text-align: center;\">Metodologie FasTracKids<\/h1>\n<p><img loading=\"lazy\" class=\"alignright size-full wp-image-2767\" src=\"http:\/\/fastrackparents.com\/devsite\/wp-content\/uploads\/sites\/9\/2016\/01\/rule_yellow.png\" alt=\"rule_yellow\" width=\"1098\" height=\"7\" srcset=\"http:\/\/fastrackparents.com\/romania\/wp-content\/uploads\/sites\/9\/2016\/01\/rule_yellow.png 1098w, http:\/\/fastrackparents.com\/romania\/wp-content\/uploads\/sites\/9\/2016\/01\/rule_yellow-300x2.png 300w, http:\/\/fastrackparents.com\/romania\/wp-content\/uploads\/sites\/9\/2016\/01\/rule_yellow-1024x7.png 1024w, http:\/\/fastrackparents.com\/romania\/wp-content\/uploads\/sites\/9\/2016\/01\/rule_yellow-1080x7.png 1080w, http:\/\/fastrackparents.com\/romania\/wp-content\/uploads\/sites\/9\/2016\/01\/rule_yellow-24x1.png 24w, http:\/\/fastrackparents.com\/romania\/wp-content\/uploads\/sites\/9\/2016\/01\/rule_yellow-36x1.png 36w, http:\/\/fastrackparents.com\/romania\/wp-content\/uploads\/sites\/9\/2016\/01\/rule_yellow-48x1.png 48w\" sizes=\"(max-width: 1098px) 100vw, 1098px\" \/><\/p>\n<p>[\/et_pb_text][et_pb_text admin_label=&#8221;Text&#8221; background_layout=&#8221;light&#8221; text_orientation=&#8221;left&#8221; use_border_color=&#8221;off&#8221; border_color=&#8221;#ffffff&#8221; border_style=&#8221;solid&#8221;]<\/p>\n<h3 style=\"text-align: center;\"><span style=\"color: #000080;\">La FasTracKids\u00ae, nu \u00eei \u00eenv\u0103\u0163\u0103m pe copii ce s\u0103 g\u00e2ndeasc\u0103, ci CUM s\u0103 g\u00e2ndeasc\u0103. Noi oferim un program educa\u0163ional integrat ce r\u0103spunde nevoilor dumneavoastr\u0103 \u015fi ale copilului dumneavoastr\u0103. Elevii no\u015ftri particip\u0103 activ la cursuri, pentru a-\u015fi dezvolta g\u00e2ndirea \u015fi imagina\u0163ia. Astfel, ei pun bazele unei educa\u0163ii solide \u015fi \u00ee\u015fi stimuleaz\u0103 curiozitatea \u00eenn\u0103scut\u0103. <\/span><\/h3>\n<p>&nbsp;<\/p>\n<p><span style=\"color: #000000;\"><a href=\"http:\/\/fastrackparents.com\/devsite\/wp-content\/uploads\/sites\/9\/2015\/08\/kids3.jpg\"><img loading=\"lazy\" class=\"alignleft size-full wp-image-2780\" style=\"padding: 5px; background: none; border: grey 2px solid;\" src=\"http:\/\/fastrackparents.com\/devsite\/wp-content\/uploads\/sites\/9\/2015\/08\/kids3.jpg\" alt=\"kids3\" width=\"300\" height=\"200\" \/><\/a><\/span>Fiecare or\u0103 de curs este plin\u0103 de activit\u0103\u0163i educa\u0163ionale distractive. Fiecare activitate ofer\u0103 elevilor \u015fansa de a colabora \u015fi de a-\u015fi aduce propria contribu\u0163ie. Ora \u00eencepe cu profesorul care activeaz\u0103 ancorele \u00eenv\u0103\u0163\u0103rii printr-o discu\u0163ie cu elevii. \u00cen urma acestei discu\u0163ii, Sta\u0163ia de \u00cenv\u0103\u0163are FasTrack<sup>\u00ae<\/sup> prezint\u0103 informa\u0163ii noi elevilor. Apoi, profesorul pune \u00eentreb\u0103ri detaliate pentru a evalua nivelul de \u00een\u0163elegere al elevilor.<\/p>\n<p>\u00cen cele din urm\u0103, elevii lucreaz\u0103 \u00eempreun\u0103 la diferite proiecte, exerci\u0163ii \u015fi activit\u0103\u0163i pentru a-\u015fi consolida \u00een\u0163elegerea. Aceast\u0103 metod\u0103 unic\u0103, pe care noi o numim Zigzagging<sup>SM<\/sup>, ne asigur\u0103 c\u0103 elevii au parte de repeti\u0163ia at\u00e2t de necesar\u0103 \u00eenv\u0103\u0163\u0103rii, f\u0103r\u0103 a apela la metodele tradi\u0163ionale de \u00eenv\u0103\u0163are pe de rost. Nu numai c\u0103 elevii pot s\u0103 discute despre ce au \u00eenv\u0103\u0163at \u00een clas\u0103, dar pot s\u0103 \u015fi aplice noile cuno\u015ftin\u0163e \u015fi \u00een alte situa\u0163ii, ceea ce constituie un avantaj de lung\u0103 durat\u0103.<\/p>\n<p>P\u0103rin\u0163ii joac\u0103 un rol foarte important \u00een educa\u0163ia copiilor lor. <a title=\"National Educational Association Web Site\" href=\"http:\/\/www.nea.org\/tools\/17360.htm\" target=\"_blank\">Asocia\u0163ia Na\u0163ional\u0103 pentru Educa\u0163ie (National Educational Association)<\/a> prin cercet\u0103rile asupra implic\u0103rii p\u0103rin\u0163ilor \u00een educa\u0163ie, a confirmat c\u0103 implicarea timpurie a p\u0103rin\u0163ilor \u00een educa\u0163ia copiilor duce la succese pe termen lung. La FasTracKids nu \u00eenscriem nu mai copii, ci familii. Prin intermediul rapoartelor de progres \u015fi a \u015fedin\u0163elor cu p\u0103rin\u0163ii sunte\u0163i mereu la curent cu progresul copilului dumneavoastr\u0103. \u00cenregistr\u0103rile video ale prezent\u0103rilor copilului dumneavoastr\u0103 explic\u00e2nd clasei ce a \u00eenv\u0103\u0163at v\u0103 permite s\u0103 lua\u0163i parte la experien\u0163a educa\u0163ional\u0103 a copilului. Mai mult dec\u00e2t at\u00e2t, website-ul dedicat special p\u0103rin\u0163ilor ne ajut\u0103 s\u0103 colabor\u0103m pentru a continua procesul de \u00eenv\u0103\u0163are \u015fi acas\u0103.<\/p>\n<p>Parents actively play an influential role in their child\u2019s education. The National Educational Association\u2019s spotlight on parent involvement in education confirms that the earlier a parent is involved with their child\u2019s education, the more long-term success the child demonstrates. At FasTracKids, we don\u2019t just enroll children, we enroll families. Progress reports and parent-teacher conferences keep you informed of your child\u2019s progress. While videotapes of your child\u2019s presentation during class time explaining what they learned, allows you to experience their learning firsthand.\u00a0\u00a0 Finally our Parents Website help us to partner with you to continue the learning at home.<\/p>\n<p><a href=\"http:\/\/fastrackparents.com\/devsite\/romania\/wp-content\/uploads\/sites\/9\/2016\/02\/methodology_content_image_2.jpg\"><img loading=\"lazy\" class=\"alignright size-full wp-image-2790\" style=\"padding: 5px; background: none; border: grey 2px solid;\" src=\"http:\/\/fastrackparents.com\/devsite\/romania\/wp-content\/uploads\/sites\/9\/2016\/02\/methodology_content_image_2.jpg\" alt=\"kids3\" width=\"300\" height=\"200\" \/><\/a>FasTracKids v\u0103 preg\u0103te\u015fte elevul pentru succes la \u015fcoal\u0103 \u015fi \u00een via\u0163\u0103. \u00cen fiecare or\u0103 de curs, copiii au posibilitatea de a-\u015fi spori \u00eencrederea \u00een g\u00e2ndirea proprie \u015fi \u00een propria lor modalitate de a rezolva probleme \u015fi de a comunica eficient. Aceast\u0103 baz\u0103 educa\u0163ional\u0103 solid\u0103 le va fi de folos de-a lungul vie\u0163ii \u015fi le va da instrumentele necesare pentru a avea mereu succes.<\/p>\n<p>[\/et_pb_text][et_pb_text admin_label=&#8221;Find a location&#8221; background_layout=&#8221;light&#8221; text_orientation=&#8221;left&#8221; use_border_color=&#8221;off&#8221; border_color=&#8221;#ffffff&#8221; border_style=&#8221;solid&#8221;]<\/p>\n<h3 style=\"text-align: center;\">G\u0102SI\u0162I O LOCA\u0162IE:<\/h3>\n<h3 style=\"text-align: center;\"><a href=\"http:\/\/fastrackparents.com\/devsite\/romania\/find-a-locations\/\"><img loading=\"lazy\" class=\"aligncenter size-thumbnail wp-image-713\" src=\"http:\/\/fastrackparents.com\/devsite\/wp-content\/uploads\/sites\/9\/2015\/08\/findalocation-150x136.png\" alt=\"findalocation\" height=\"136\" width=\"150\" srcset=\"http:\/\/fastrackparents.com\/romania\/wp-content\/uploads\/sites\/9\/2015\/08\/findalocation.png 150w, http:\/\/fastrackparents.com\/romania\/wp-content\/uploads\/sites\/9\/2015\/08\/findalocation-24x22.png 24w, http:\/\/fastrackparents.com\/romania\/wp-content\/uploads\/sites\/9\/2015\/08\/findalocation-36x33.png 36w, http:\/\/fastrackparents.com\/romania\/wp-content\/uploads\/sites\/9\/2015\/08\/findalocation-48x44.png 48w\" sizes=\"(max-width: 150px) 100vw, 150px\" \/><\/a><\/h3>\n<p>[\/et_pb_text][\/et_pb_column][\/et_pb_row][\/et_pb_section]<\/p>\n","protected":false},"excerpt":{"rendered":"<p>[et_pb_section fullwidth=&#8221;on&#8221; specialty=&#8221;off&#8221;][et_pb_fullwidth_image admin_label=&#8221;Fullwidth Image&#8221; src=&#8221;http:\/\/fastrackparents.com\/devsite\/wp-content\/uploads\/sites\/9\/2015\/08\/parents_area.jpg&#8221; show_in_lightbox=&#8221;off&#8221; url_new_window=&#8221;off&#8221; animation=&#8221;off&#8221; use_border_color=&#8221;off&#8221; border_color=&#8221;#ffffff&#8221; border_style=&#8221;solid&#8221;] \u00a0 [\/et_pb_fullwidth_image][\/et_pb_section][et_pb_section][et_pb_row][et_pb_column type=&#8221;1_3&#8243;][et_pb_sidebar admin_label=&#8221;Sidebar&#8221; orientation=&#8221;left&#8221; area=&#8221;et_pb_widget_area_3&#8243; background_layout=&#8221;light&#8221; remove_border=&#8221;off&#8221;] \u00a0 [\/et_pb_sidebar][\/et_pb_column][et_pb_column type=&#8221;2_3&#8243;][et_pb_text admin_label=&#8221;Text&#8221; background_layout=&#8221;light&#8221; text_orientation=&#8221;left&#8221; use_border_color=&#8221;off&#8221; border_color=&#8221;#ffffff&#8221; border_style=&#8221;solid&#8221;] Metodologie FasTracKids [\/et_pb_text][et_pb_text admin_label=&#8221;Text&#8221; background_layout=&#8221;light&#8221; text_orientation=&#8221;left&#8221; use_border_color=&#8221;off&#8221; border_color=&#8221;#ffffff&#8221; border_style=&#8221;solid&#8221;] La FasTracKids\u00ae, nu \u00eei \u00eenv\u0103\u0163\u0103m pe copii ce s\u0103 g\u00e2ndeasc\u0103, ci CUM s\u0103 g\u00e2ndeasc\u0103. Noi oferim un [&hellip;]<\/p>\n","protected":false},"author":1,"featured_media":0,"parent":0,"menu_order":0,"comment_status":"closed","ping_status":"closed","template":"","meta":[],"_links":{"self":[{"href":"http:\/\/fastrackparents.com\/romania\/wp-json\/wp\/v2\/pages\/43"}],"collection":[{"href":"http:\/\/fastrackparents.com\/romania\/wp-json\/wp\/v2\/pages"}],"about":[{"href":"http:\/\/fastrackparents.com\/romania\/wp-json\/wp\/v2\/types\/page"}],"author":[{"embeddable":true,"href":"http:\/\/fastrackparents.com\/romania\/wp-json\/wp\/v2\/users\/1"}],"replies":[{"embeddable":true,"href":"http:\/\/fastrackparents.com\/romania\/wp-json\/wp\/v2\/comments?post=43"}],"version-history":[{"count":24,"href":"http:\/\/fastrackparents.com\/romania\/wp-json\/wp\/v2\/pages\/43\/revisions"}],"predecessor-version":[{"id":3278,"href":"http:\/\/fastrackparents.com\/romania\/wp-json\/wp\/v2\/pages\/43\/revisions\/3278"}],"wp:attachment":[{"href":"http:\/\/fastrackparents.com\/romania\/wp-json\/wp\/v2\/media?parent=43"}],"curies":[{"name":"wp","href":"https:\/\/api.w.org\/{rel}","templated":true}]}}