{"id":39,"date":"2015-08-24T18:07:27","date_gmt":"2015-08-24T18:07:27","guid":{"rendered":"http:\/\/fastrackparents.com\/devsite\/romania\/?page_id=39"},"modified":"2016-09-07T20:16:33","modified_gmt":"2016-09-07T20:16:33","slug":"fastrackids-story","status":"publish","type":"page","link":"http:\/\/fastrackparents.com\/romania\/fastrackids-story\/","title":{"rendered":"Povestea FasTracKids"},"content":{"rendered":"<p>[et_pb_section fullwidth=&#8221;on&#8221; specialty=&#8221;off&#8221;][et_pb_fullwidth_image admin_label=&#8221;Fullwidth Image&#8221; src=&#8221;http:\/\/fastrackparents.com\/devsite\/wp-content\/uploads\/sites\/9\/2015\/08\/FasTracKidsStoryheader.jpg&#8221; show_in_lightbox=&#8221;off&#8221; url_new_window=&#8221;off&#8221; animation=&#8221;off&#8221; use_border_color=&#8221;off&#8221; border_color=&#8221;#ffffff&#8221; border_style=&#8221;solid&#8221;]<\/p>\n<p>&nbsp;<\/p>\n<p>[\/et_pb_fullwidth_image][\/et_pb_section][et_pb_section fullwidth=&#8221;off&#8221; specialty=&#8221;off&#8221;][et_pb_row][et_pb_column type=&#8221;1_3&#8243;][et_pb_sidebar admin_label=&#8221;Sidebar&#8221; orientation=&#8221;left&#8221; area=&#8221;et_pb_widget_area_3&#8243; background_layout=&#8221;light&#8221; remove_border=&#8221;off&#8221;]<\/p>\n<p>&nbsp;<\/p>\n<p>[\/et_pb_sidebar][\/et_pb_column][et_pb_column type=&#8221;2_3&#8243;][et_pb_text admin_label=&#8221;Title&#8221; background_layout=&#8221;light&#8221; text_orientation=&#8221;center&#8221; use_border_color=&#8221;off&#8221; border_color=&#8221;#ffffff&#8221; border_style=&#8221;solid&#8221;]<\/p>\n<h1 class=\"pagetitle\" style=\"text-align: center;\">Povestea FasTracKids<\/h1>\n<p><img loading=\"lazy\" class=\"alignnone size-full wp-image-2767\" src=\"http:\/\/fastrackparents.com\/devsite\/wp-content\/uploads\/sites\/9\/2016\/01\/rule_yellow.png\" alt=\"rule_yellow\" width=\"1098\" height=\"7\" srcset=\"http:\/\/fastrackparents.com\/romania\/wp-content\/uploads\/sites\/9\/2016\/01\/rule_yellow.png 1098w, http:\/\/fastrackparents.com\/romania\/wp-content\/uploads\/sites\/9\/2016\/01\/rule_yellow-300x2.png 300w, http:\/\/fastrackparents.com\/romania\/wp-content\/uploads\/sites\/9\/2016\/01\/rule_yellow-1024x7.png 1024w, http:\/\/fastrackparents.com\/romania\/wp-content\/uploads\/sites\/9\/2016\/01\/rule_yellow-1080x7.png 1080w, http:\/\/fastrackparents.com\/romania\/wp-content\/uploads\/sites\/9\/2016\/01\/rule_yellow-24x1.png 24w, http:\/\/fastrackparents.com\/romania\/wp-content\/uploads\/sites\/9\/2016\/01\/rule_yellow-36x1.png 36w, http:\/\/fastrackparents.com\/romania\/wp-content\/uploads\/sites\/9\/2016\/01\/rule_yellow-48x1.png 48w\" sizes=\"(max-width: 1098px) 100vw, 1098px\" \/><\/p>\n<p>[\/et_pb_text][et_pb_text admin_label=&#8221;Fastrackids Story&#8221; background_layout=&#8221;light&#8221; text_orientation=&#8221;left&#8221; use_border_color=&#8221;off&#8221; border_color=&#8221;#ffffff&#8221; border_style=&#8221;solid&#8221;]<\/p>\n<h3 style=\"text-align: center;\"><span style=\"color: #000080;\">Fiecare copil se na\u015fte cu un set unic de abilit\u0103\u0163i \u015fi talente<\/span><\/h3>\n<p>Din 1998, programele noastre FasTracKids\u00ae, din centrele \u015fi \u015fcolile din \u00eentreaga lume, au oferit copiilor experien\u0163e educa\u0163ionale unice pentru ca ace\u015ftia s\u0103 progreseze \u00een secolul 21. Am creat programele FasTracKids din credin\u0163a c\u0103 exist\u0103 o modalitate diferit\u0103 de a \u00eenv\u0103\u0163a copiii, atr\u0103g\u00e2ndu-i cu o metod\u0103 natural\u0103 de \u00eenv\u0103\u0163are. Ne concentr\u0103m pe educa\u021bia celor mici, deoarece copil\u0103ria timpurie este perioada critic\u0103 de dezvoltare \u00een via\u0163a unui copil, o perioad\u0103 \u00een care copiii deprind abilit\u0103\u0163i de \u00eenv\u0103\u0163are \u015fi g\u00e2ndire, la fel de bine cum \u00ee\u015fi dezvolt\u0103 inteligen\u0163a emo\u0163ional\u0103 \u015fi social\u0103. To\u0163i copiii merit\u0103 s\u0103-\u015fi dezvolte poten\u0163ialul pentru un viitor de succes.<\/p>\n<p>Programele noastre stimuleaz\u0103 curiozitatea \u00eenn\u0103scut\u0103 a copilului prin Avantajele FasTrack\u00ae: abilit\u0103\u0163i de g\u00e2ndire critic\u0103, creativitate, comunicare, colaborare \u015fi \u00eencredere. Combin\u0103m un curriculum atr\u0103g\u0103tor cu un mediu de lucru distractiv \u015fi cooperativ, pentru a dezvolta un elev dinamic al secolului 21. Obiectivul nostru este s\u0103-l \u00eenv\u0103\u0163\u0103m pe copilul dumneavoastr\u0103 CUM s\u0103 g\u00e2ndeasc\u0103, nu CE s\u0103 g\u00e2ndeasc\u0103, pe fondul dezvolt\u0103rii unei pasiuni pentru \u00eenv\u0103\u0163are care s\u0103-l \u00eenso\u021beasc\u0103 pentru tot restul vie\u0163ii.<\/p>\n<p>De ce este \u00eenv\u0103\u0163area pe tot parcursul vie\u0163ii at\u00e2t de important\u0103? Ast\u0103zi, nu mai este de ajuns s\u0103 fii cel mai \u201ede\u015ftept\u201d din clas\u0103. Lumea se schimb\u0103 mult prea repede. Renumitul autor \u015fi profesor la Universitatea Harvard, Tony Wagner, spune \u00een cartea lui, \u201e<strong>Decalajul Educa\u0163ional la Nivel Global<\/strong>\u201d:<\/p>\n<p><strong>\u00a0<\/strong><\/p>\n<p>[\/et_pb_text][et_pb_testimonial admin_label=&#8221;Testimonial&#8221; url_new_window=&#8221;off&#8221; quote_icon=&#8221;off&#8221; use_background_color=&#8221;on&#8221; background_color=&#8221;#1e73be&#8221; background_layout=&#8221;dark&#8221; text_orientation=&#8221;left&#8221; use_border_color=&#8221;off&#8221; border_color=&#8221;#ffffff&#8221; border_style=&#8221;solid&#8221; author=&#8221;Tony Wagner&#8221; job_title=&#8221;The Global Achievement Gap&#8221; portrait_url=&#8221;http:\/\/fastrackparents.com\/devsite\/wp-content\/uploads\/sites\/9\/2015\/08\/globalachievgap-130px.jpg&#8221;]<\/p>\n<p><em>Cele \u015fapte abilit\u0103\u0163i necesare pentru a supravie\u0163ui \u00een secolul 21 sunt: g\u00e2ndirea critic\u0103 \u015fi abilitatea de a rezolva probleme; colaborarea \u00een diverse re\u0163ele; agilitate \u015fi adaptabilitate; ini\u0163iativ\u0103 \u015fi spirit antreprenorial; comunicare oral\u0103 \u015fi scris\u0103 eficient\u0103; abilitatea de a accesa \u015fi analiza informa\u0163ia; dezvoltarea curiozit\u0103\u0163ii \u015fi a imagina\u0163iei.<\/em><\/p>\n<p>[\/et_pb_testimonial][et_pb_text admin_label=&#8221;Text&#8221; background_layout=&#8221;light&#8221; text_orientation=&#8221;left&#8221; use_border_color=&#8221;off&#8221; border_color=&#8221;#ffffff&#8221; border_style=&#8221;solid&#8221;]<\/p>\n<p>Am fi onora\u0163i s\u0103 v\u0103 avem drept parteneri \u00een construirea bazelor educa\u0163ionale care v\u0103 vor transforma copilul \u00eentr-un g\u00e2nditor puternic \u015fi independent, care poate fi competitiv \u00eentr-un mediu de lucru global.<\/p>\n<p>[\/et_pb_text][et_pb_text admin_label=&#8221;Text&#8221; background_layout=&#8221;light&#8221; text_orientation=&#8221;left&#8221; use_border_color=&#8221;off&#8221; border_color=&#8221;#ffffff&#8221; border_style=&#8221;solid&#8221;]<\/p>\n<p><iframe loading=\"lazy\" src=\"https:\/\/www.youtube.com\/embed\/Qgy6tj7ICck\" width=\"420\" height=\"315\" frameborder=\"0\" allowfullscreen=\"allowfullscreen\"><\/iframe><\/p>\n<p>[\/et_pb_text][et_pb_text admin_label=&#8221;Fild a location&#8221; background_layout=&#8221;light&#8221; text_orientation=&#8221;center&#8221; use_border_color=&#8221;off&#8221; border_color=&#8221;#ffffff&#8221; border_style=&#8221;solid&#8221;]<\/p>\n<h3 style=\"text-align: center;\">G\u0102SI\u0162I O LOCA\u0162IE<\/h3>\n<h3 style=\"text-align: center;\"><a href=\"http:\/\/fastrackparents.com\/devsite\/romania\/find-a-locations\/\"><img loading=\"lazy\" class=\"aligncenter size-thumbnail wp-image-713\" src=\"http:\/\/fastrackparents.com\/devsite\/wp-content\/uploads\/sites\/9\/2015\/08\/findalocation-150x136.png\" alt=\"findalocation\" width=\"150\" height=\"136\" srcset=\"http:\/\/fastrackparents.com\/romania\/wp-content\/uploads\/sites\/9\/2015\/08\/findalocation.png 150w, http:\/\/fastrackparents.com\/romania\/wp-content\/uploads\/sites\/9\/2015\/08\/findalocation-24x22.png 24w, http:\/\/fastrackparents.com\/romania\/wp-content\/uploads\/sites\/9\/2015\/08\/findalocation-36x33.png 36w, http:\/\/fastrackparents.com\/romania\/wp-content\/uploads\/sites\/9\/2015\/08\/findalocation-48x44.png 48w\" sizes=\"(max-width: 150px) 100vw, 150px\" \/><\/a><\/h3>\n<p>[\/et_pb_text][\/et_pb_column][\/et_pb_row][\/et_pb_section]<\/p>\n","protected":false},"excerpt":{"rendered":"<p>[et_pb_section fullwidth=&#8221;on&#8221; specialty=&#8221;off&#8221;][et_pb_fullwidth_image admin_label=&#8221;Fullwidth Image&#8221; src=&#8221;http:\/\/fastrackparents.com\/devsite\/wp-content\/uploads\/sites\/9\/2015\/08\/FasTracKidsStoryheader.jpg&#8221; show_in_lightbox=&#8221;off&#8221; url_new_window=&#8221;off&#8221; animation=&#8221;off&#8221; use_border_color=&#8221;off&#8221; border_color=&#8221;#ffffff&#8221; border_style=&#8221;solid&#8221;] &nbsp; [\/et_pb_fullwidth_image][\/et_pb_section][et_pb_section fullwidth=&#8221;off&#8221; specialty=&#8221;off&#8221;][et_pb_row][et_pb_column type=&#8221;1_3&#8243;][et_pb_sidebar admin_label=&#8221;Sidebar&#8221; orientation=&#8221;left&#8221; area=&#8221;et_pb_widget_area_3&#8243; background_layout=&#8221;light&#8221; remove_border=&#8221;off&#8221;] &nbsp; [\/et_pb_sidebar][\/et_pb_column][et_pb_column type=&#8221;2_3&#8243;][et_pb_text admin_label=&#8221;Title&#8221; background_layout=&#8221;light&#8221; text_orientation=&#8221;center&#8221; use_border_color=&#8221;off&#8221; border_color=&#8221;#ffffff&#8221; border_style=&#8221;solid&#8221;] Povestea FasTracKids [\/et_pb_text][et_pb_text admin_label=&#8221;Fastrackids Story&#8221; background_layout=&#8221;light&#8221; text_orientation=&#8221;left&#8221; use_border_color=&#8221;off&#8221; border_color=&#8221;#ffffff&#8221; border_style=&#8221;solid&#8221;] Fiecare copil se na\u015fte cu un set unic de abilit\u0103\u0163i \u015fi talente Din 1998, [&hellip;]<\/p>\n","protected":false},"author":1,"featured_media":0,"parent":0,"menu_order":0,"comment_status":"closed","ping_status":"closed","template":"","meta":[],"_links":{"self":[{"href":"http:\/\/fastrackparents.com\/romania\/wp-json\/wp\/v2\/pages\/39"}],"collection":[{"href":"http:\/\/fastrackparents.com\/romania\/wp-json\/wp\/v2\/pages"}],"about":[{"href":"http:\/\/fastrackparents.com\/romania\/wp-json\/wp\/v2\/types\/page"}],"author":[{"embeddable":true,"href":"http:\/\/fastrackparents.com\/romania\/wp-json\/wp\/v2\/users\/1"}],"replies":[{"embeddable":true,"href":"http:\/\/fastrackparents.com\/romania\/wp-json\/wp\/v2\/comments?post=39"}],"version-history":[{"count":37,"href":"http:\/\/fastrackparents.com\/romania\/wp-json\/wp\/v2\/pages\/39\/revisions"}],"predecessor-version":[{"id":3607,"href":"http:\/\/fastrackparents.com\/romania\/wp-json\/wp\/v2\/pages\/39\/revisions\/3607"}],"wp:attachment":[{"href":"http:\/\/fastrackparents.com\/romania\/wp-json\/wp\/v2\/media?parent=39"}],"curies":[{"name":"wp","href":"https:\/\/api.w.org\/{rel}","templated":true}]}}