{"id":3172,"date":"2016-01-15T22:45:58","date_gmt":"2016-01-15T22:45:58","guid":{"rendered":"http:\/\/fastrackparents.com\/devsite\/romania\/pie-register-registration\/"},"modified":"2016-09-07T20:17:42","modified_gmt":"2016-09-07T20:17:42","slug":"fastrack-parents-registration","status":"publish","type":"page","link":"http:\/\/fastrackparents.com\/romania\/fastrack-parents-registration\/","title":{"rendered":"FasTracK Parents &#8211; Registration"},"content":{"rendered":"<p>[et_pb_section][et_pb_row][et_pb_column type=&#8221;4_4&#8243;][et_pb_text admin_label=&#8221;Text&#8221; background_layout=&#8221;light&#8221; text_orientation=&#8221;left&#8221; use_border_color=&#8221;off&#8221; border_color=&#8221;#ffffff&#8221; border_style=&#8221;solid&#8221;]<\/p>\n<h1 style=\"text-align: center;\">Welcome to FasTracK Parent Club<\/h1>\n<p>[\/et_pb_text][\/et_pb_column][\/et_pb_row][\/et_pb_section][et_pb_section fullwidth=&#8221;off&#8221; specialty=&#8221;off&#8221; transparent_background=&#8221;on&#8221; allow_player_pause=&#8221;off&#8221; inner_shadow=&#8221;off&#8221; parallax=&#8221;off&#8221; parallax_method=&#8221;off&#8221; padding_mobile=&#8221;off&#8221; make_fullwidth=&#8221;off&#8221; use_custom_width=&#8221;off&#8221; width_unit=&#8221;on&#8221; make_equal=&#8221;off&#8221; use_custom_gutter=&#8221;off&#8221;][et_pb_row][et_pb_column type=&#8221;1_2&#8243;][et_pb_image admin_label=&#8221;Image&#8221; src=&#8221;http:\/\/fastrackparents.com\/devsite\/wp-content\/uploads\/sites\/9\/2015\/08\/spencer.png&#8221; show_in_lightbox=&#8221;off&#8221; url_new_window=&#8221;off&#8221; animation=&#8221;left&#8221; sticky=&#8221;off&#8221; align=&#8221;left&#8221; force_fullwidth=&#8221;off&#8221; always_center_on_mobile=&#8221;on&#8221; use_border_color=&#8221;off&#8221; border_color=&#8221;#ffffff&#8221; border_style=&#8221;solid&#8221;] [\/et_pb_image][\/et_pb_column][et_pb_column type=&#8221;1_2&#8243;][et_pb_text admin_label=&#8221;Text&#8221; background_layout=&#8221;light&#8221; text_orientation=&#8221;left&#8221; use_border_color=&#8221;off&#8221; border_color=&#8221;#ffffff&#8221; border_style=&#8221;solid&#8221;]<\/p>\n<p>Sunte\u021bi gata s\u0103 vede\u021bi despre ce este vorba \u00een Clubul P\u0103rin\u021bilor? Completa\u021bi formularul de mai jos, inclusiv <em>Num\u0103rul de identificare al Academiei FasTracKids<\/em>, \u0219i ve\u021bi avea acces la acela\u0219i con\u021binut Fastrack minunat, de care copilul t\u0103u se bucur\u0103 la \u0219coal\u0103.\u00a0<span id=\"result_box\" class=\"short_text\" lang=\"ro\"> <span class=\"hps\"><a href=\"http:\/\/fastrackparents.com\/romania\/fastrack-parents-login\/\">Intr\u0103 \u00een cont aici<\/a><\/span><\/span> \u00a0 <div class=\"pieregformWrapper pieregWrapper\"><style type=\"text\/css\">\n.field_note{font-size:12px; color:#FF0000;}\n.required{color:#FF0000}\n<\/style><div id=\"show_pie_register_error_js\" class=\"piereg_entry-content\"><\/div><div class=\"fieldset \"><h2 id=\"piereg_pie_form_heading\">Formular de \u00eenregistrare<\/h2><p id=\"piereg_pie_form_desc\" >V\u0103 rug\u0103m s\u0103 completa\u021bi formularul de mai jos pentru a v\u0103 crea un cont. Dup\u0103 ce v-a\u021bi &icirc;nregistrat, ve\u021bi primi un e-mail de confirmare cu datele necesare intr\u0103rii &icirc;n contul dumneavooastr\u0103.<\/p><\/div><div id=\"pie_register_reg_form\"><form enctype=\"multipart\/form-data\" id=\"pie_regiser_form\" method=\"post\" action=\"\/romania\/wp-json\/wp\/v2\/pages\/3172\"><ul id=\"pie_register\"><li class=\"fields pageFields_1 \"><div class=\"fieldset\"><label class=\"\" for=\"email_1\">E-mail<\/label><input id=\"email_1\" name=\"e_mail\" class=\"input_fields  piereg_validate[required,custom[email]]\"  data-errormessage-custom-error=\"\"  placeholder=\"\" type=\"text\" value=\"\" \/><\/div><\/li><li class=\"fields pageFields_1 \"><div class=\"fieldset\"><label class=\"\" for=\"password_2\">Password<\/label><input id=\"password_2\" name=\"password\" class=\"input_fields  piereg_validate[minSize[8],required]\" placeholder=\"\" type=\"password\" data-errormessage-value-missing=\"\" data-errormessage-range-underflow=\"\" data-errormessage-range-overflow=\"\" autocomplete=\"off\" \/><\/div><\/li><li class=\"fields pageFields_1 \"><div class=\"fieldset\"><label>Confirm Password<\/label><input id=\"confirm_password_password_2\" name=\"confirm_password\" type=\"password\" data-errormessage-value-missing=\"\" data-errormessage-range-underflow=\"\" data-errormessage-range-overflow=\"\" class=\"input_fields  piereg_validate[required,equals[password_2]]\" placeholder=\"\" autocomplete=\"off\" \/><\/div><input type=\"hidden\" id=\"password_strength_meter_1\" data-id=\"1\" value=\"1\" \/><span id=\"password_strength_message_1\" style=\"display:none;\">Weak Password<\/span><\/li><li class=\"fields pageFields_1 \"><div id=\"password_meter\" class=\"fieldset\" ><label style=\"visibility:hidden;\">Password not entered<\/label><div id=\"piereg_passwordStrength\" class=\"piereg_pass\" >Strength Indicator<\/div><\/div><\/li><li class=\"fields pageFields_1 \"><div class=\"fieldset\"><label class=\"\" for=\"invitation_6\">invitation<\/label><input id=\"invitation_6\" name=\"invitation\" class=\"input_fields \"  placeholder=\"\" type=\"text\" value=\"\" \/><\/div><\/li><li class=\"fields pageFields_1 \"><div class=\"fieldset\"><label class=\"\" for=\"text_7\">text<\/label><input id=\"text_7\" name=\"text_7\" class=\"input_fields \"    placeholder=\"\" type=\"text\" value=\"\" \/><\/div><\/li><li class=\"fields pageFields_1 \"><div class=\"fieldset\"><label class=\"\" for=\"text_8\">text<\/label><input id=\"text_8\" name=\"text_8\" class=\"input_fields \"    placeholder=\"\" type=\"text\" value=\"\" \/><\/div><\/li><li class=\"fields pageFields_1 \"><div class=\"fieldset\"><label class=\"\" for=\"text_11\">text<\/label><input id=\"text_11\" name=\"text_11\" class=\"input_fields \"    placeholder=\"\" type=\"text\" value=\"\" \/><\/div><\/li><li class=\"fields pageFields_1 \"><div class=\"fieldset piereg_submit_button\"><input name=\"pie_submit\" type=\"submit\" value=\"Trimite formularul \" \/><\/div><\/li><\/ul>\t<\/form><\/div><\/div><\/p>\n<p>[\/et_pb_text][\/et_pb_column][\/et_pb_row][\/et_pb_section]<\/p>\n","protected":false},"excerpt":{"rendered":"<p>[et_pb_section][et_pb_row][et_pb_column type=&#8221;4_4&#8243;][et_pb_text admin_label=&#8221;Text&#8221; background_layout=&#8221;light&#8221; text_orientation=&#8221;left&#8221; use_border_color=&#8221;off&#8221; border_color=&#8221;#ffffff&#8221; border_style=&#8221;solid&#8221;] Welcome to FasTracK Parent Club [\/et_pb_text][\/et_pb_column][\/et_pb_row][\/et_pb_section][et_pb_section fullwidth=&#8221;off&#8221; specialty=&#8221;off&#8221; transparent_background=&#8221;on&#8221; allow_player_pause=&#8221;off&#8221; inner_shadow=&#8221;off&#8221; parallax=&#8221;off&#8221; parallax_method=&#8221;off&#8221; padding_mobile=&#8221;off&#8221; make_fullwidth=&#8221;off&#8221; use_custom_width=&#8221;off&#8221; width_unit=&#8221;on&#8221; make_equal=&#8221;off&#8221; use_custom_gutter=&#8221;off&#8221;][et_pb_row][et_pb_column type=&#8221;1_2&#8243;][et_pb_image admin_label=&#8221;Image&#8221; src=&#8221;http:\/\/fastrackparents.com\/devsite\/wp-content\/uploads\/sites\/9\/2015\/08\/spencer.png&#8221; show_in_lightbox=&#8221;off&#8221; url_new_window=&#8221;off&#8221; animation=&#8221;left&#8221; sticky=&#8221;off&#8221; align=&#8221;left&#8221; force_fullwidth=&#8221;off&#8221; always_center_on_mobile=&#8221;on&#8221; use_border_color=&#8221;off&#8221; border_color=&#8221;#ffffff&#8221; border_style=&#8221;solid&#8221;] [\/et_pb_image][\/et_pb_column][et_pb_column type=&#8221;1_2&#8243;][et_pb_text admin_label=&#8221;Text&#8221; background_layout=&#8221;light&#8221; text_orientation=&#8221;left&#8221; use_border_color=&#8221;off&#8221; border_color=&#8221;#ffffff&#8221; border_style=&#8221;solid&#8221;] Sunte\u021bi gata s\u0103 vede\u021bi despre ce este [&hellip;]<\/p>\n","protected":false},"author":1,"featured_media":0,"parent":0,"menu_order":0,"comment_status":"closed","ping_status":"closed","template":"","meta":[],"_links":{"self":[{"href":"http:\/\/fastrackparents.com\/romania\/wp-json\/wp\/v2\/pages\/3172"}],"collection":[{"href":"http:\/\/fastrackparents.com\/romania\/wp-json\/wp\/v2\/pages"}],"about":[{"href":"http:\/\/fastrackparents.com\/romania\/wp-json\/wp\/v2\/types\/page"}],"author":[{"embeddable":true,"href":"http:\/\/fastrackparents.com\/romania\/wp-json\/wp\/v2\/users\/1"}],"replies":[{"embeddable":true,"href":"http:\/\/fastrackparents.com\/romania\/wp-json\/wp\/v2\/comments?post=3172"}],"version-history":[{"count":11,"href":"http:\/\/fastrackparents.com\/romania\/wp-json\/wp\/v2\/pages\/3172\/revisions"}],"predecessor-version":[{"id":3608,"href":"http:\/\/fastrackparents.com\/romania\/wp-json\/wp\/v2\/pages\/3172\/revisions\/3608"}],"wp:attachment":[{"href":"http:\/\/fastrackparents.com\/romania\/wp-json\/wp\/v2\/media?parent=3172"}],"curies":[{"name":"wp","href":"https:\/\/api.w.org\/{rel}","templated":true}]}}